{"id":3377,"date":"2023-02-20T09:19:53","date_gmt":"2023-02-20T08:19:53","guid":{"rendered":"http:\/\/caminsbalears.org\/serveis\/"},"modified":"2023-05-31T11:04:02","modified_gmt":"2023-05-31T09:04:02","slug":"serveis","status":"publish","type":"page","link":"https:\/\/caminsbalears.org\/ca\/serveis\/","title":{"rendered":"Serveis"},"content":{"rendered":"\t\t<div data-elementor-type=\"wp-page\" data-elementor-id=\"3377\" class=\"elementor elementor-3377 elementor-2548\" data-elementor-post-type=\"page\">\n\t\t\t\t\t\t<section class=\"elementor-section elementor-top-section elementor-element elementor-element-7f5c0e73 elementor-section-height-min-height elementor-section-boxed elementor-section-height-default elementor-section-items-middle\" data-id=\"7f5c0e73\" data-element_type=\"section\" data-settings=\"{&quot;background_background&quot;:&quot;classic&quot;,&quot;shape_divider_bottom&quot;:&quot;pyramids&quot;}\">\n\t\t\t\t\t<div class=\"elementor-shape elementor-shape-bottom\" aria-hidden=\"true\" data-negative=\"false\">\n\t\t\t<svg xmlns=\"http:\/\/www.w3.org\/2000\/svg\" viewBox=\"0 0 1000 100\" preserveAspectRatio=\"none\">\n\t<path class=\"elementor-shape-fill\" d=\"M761.9,44.1L643.1,27.2L333.8,98L0,3.8V0l1000,0v3.9\"\/>\n<\/svg>\t\t<\/div>\n\t\t\t\t\t<div class=\"elementor-container elementor-column-gap-wider\">\n\t\t\t\t\t<div class=\"elementor-column elementor-col-100 elementor-top-column elementor-element elementor-element-7cbe0e77\" data-id=\"7cbe0e77\" data-element_type=\"column\">\n\t\t\t<div class=\"elementor-widget-wrap elementor-element-populated\">\n\t\t\t\t\t\t<div class=\"elementor-element elementor-element-75524c99 elementor-widget__width-auto elementor-view-default elementor-widget elementor-widget-icon\" data-id=\"75524c99\" data-element_type=\"widget\" data-widget_type=\"icon.default\">\n\t\t\t\t<div class=\"elementor-widget-container\">\n\t\t\t\t\t\t\t<div class=\"elementor-icon-wrapper\">\n\t\t\t<div class=\"elementor-icon\">\n\t\t\t<i aria-hidden=\"true\" class=\"fas fa-chevron-right\"><\/i>\t\t\t<\/div>\n\t\t<\/div>\n\t\t\t\t\t\t<\/div>\n\t\t\t\t<\/div>\n\t\t\t\t\t<\/div>\n\t\t<\/div>\n\t\t\t\t\t<\/div>\n\t\t<\/section>\n\t\t\t\t<section class=\"elementor-section elementor-top-section elementor-element elementor-element-3515c7c7 elementor-section-boxed elementor-section-height-default elementor-section-height-default\" data-id=\"3515c7c7\" data-element_type=\"section\">\n\t\t\t\t\t\t<div class=\"elementor-container elementor-column-gap-wider\">\n\t\t\t\t\t<div class=\"elementor-column elementor-col-50 elementor-top-column elementor-element elementor-element-217fad0f\" data-id=\"217fad0f\" data-element_type=\"column\">\n\t\t\t<div class=\"elementor-widget-wrap elementor-element-populated\">\n\t\t\t\t\t\t<div class=\"elementor-element elementor-element-6fc8b7fb elementor-align-start elementor-icon-list--layout-traditional elementor-list-item-link-full_width elementor-widget elementor-widget-icon-list\" data-id=\"6fc8b7fb\" data-element_type=\"widget\" data-widget_type=\"icon-list.default\">\n\t\t\t\t<div class=\"elementor-widget-container\">\n\t\t\t\t\t\t\t<ul class=\"elementor-icon-list-items\">\n\t\t\t\t\t\t\t<li class=\"elementor-icon-list-item\">\n\t\t\t\t\t\t\t\t\t\t\t<a href=\"\/mediacion\">\n\n\t\t\t\t\t\t\t\t\t\t\t\t<span class=\"elementor-icon-list-icon\">\n\t\t\t\t\t\t\t<i aria-hidden=\"true\" class=\"far fa-check-square\"><\/i>\t\t\t\t\t\t<\/span>\n\t\t\t\t\t\t\t\t\t\t<span class=\"elementor-icon-list-text\">MEDIACI\u00d3<\/span>\n\t\t\t\t\t\t\t\t\t\t\t<\/a>\n\t\t\t\t\t\t\t\t\t<\/li>\n\t\t\t\t\t\t\t\t<li class=\"elementor-icon-list-item\">\n\t\t\t\t\t\t\t\t\t\t\t<a href=\"http:\/\/caminsbalears.org\/ca\/certificats\/\">\n\n\t\t\t\t\t\t\t\t\t\t\t<span class=\"elementor-icon-list-text\">CERTIFICATS<\/span>\n\t\t\t\t\t\t\t\t\t\t\t<\/a>\n\t\t\t\t\t\t\t\t\t<\/li>\n\t\t\t\t\t\t\t\t<li class=\"elementor-icon-list-item\">\n\t\t\t\t\t\t\t\t\t\t\t<a href=\"http:\/\/caminsbalears.org\/ca\/assessoria-juridica\/\">\n\n\t\t\t\t\t\t\t\t\t\t\t<span class=\"elementor-icon-list-text\">ASSESSOR\u00cdA JURIDICA<\/span>\n\t\t\t\t\t\t\t\t\t\t\t<\/a>\n\t\t\t\t\t\t\t\t\t<\/li>\n\t\t\t\t\t\t\t\t<li class=\"elementor-icon-list-item\">\n\t\t\t\t\t\t\t\t\t\t\t<a href=\"http:\/\/caminsbalears.org\/ca\/perits-judicials\/\">\n\n\t\t\t\t\t\t\t\t\t\t\t<span class=\"elementor-icon-list-text\">PERITS JUDICIALS<\/span>\n\t\t\t\t\t\t\t\t\t\t\t<\/a>\n\t\t\t\t\t\t\t\t\t<\/li>\n\t\t\t\t\t\t\t\t<li class=\"elementor-icon-list-item\">\n\t\t\t\t\t\t\t\t\t\t\t<a href=\"http:\/\/caminsbalears.org\/ca\/biblioteca\/\">\n\n\t\t\t\t\t\t\t\t\t\t\t<span class=\"elementor-icon-list-text\">BIBLIOTECA<\/span>\n\t\t\t\t\t\t\t\t\t\t\t<\/a>\n\t\t\t\t\t\t\t\t\t<\/li>\n\t\t\t\t\t\t\t\t<li class=\"elementor-icon-list-item\">\n\t\t\t\t\t\t\t\t\t\t<span class=\"elementor-icon-list-text\"><\/span>\n\t\t\t\t\t\t\t\t\t<\/li>\n\t\t\t\t\t\t<\/ul>\n\t\t\t\t\t\t<\/div>\n\t\t\t\t<\/div>\n\t\t\t\t\t<\/div>\n\t\t<\/div>\n\t\t\t\t<div class=\"elementor-column elementor-col-50 elementor-top-column elementor-element elementor-element-31e126e4\" data-id=\"31e126e4\" data-element_type=\"column\">\n\t\t\t<div class=\"elementor-widget-wrap elementor-element-populated\">\n\t\t\t\t\t\t<div class=\"elementor-element elementor-element-035452d elementor-widget elementor-widget-heading\" data-id=\"035452d\" data-element_type=\"widget\" data-widget_type=\"heading.default\">\n\t\t\t\t<div class=\"elementor-widget-container\">\n\t\t\t\t\t<h5 class=\"elementor-heading-title elementor-size-default\">MEDIACI\u00d3<\/h5>\t\t\t\t<\/div>\n\t\t\t\t<\/div>\n\t\t\t\t<div class=\"elementor-element elementor-element-50061a49 elementor-invisible elementor-widget elementor-widget-heading\" data-id=\"50061a49\" data-element_type=\"widget\" data-settings=\"{&quot;_animation&quot;:&quot;fadeInUp&quot;,&quot;_animation_delay&quot;:&quot;40&quot;}\" data-widget_type=\"heading.default\">\n\t\t\t\t<div class=\"elementor-widget-container\">\n\t\t\t\t\t<div class=\"elementor-heading-title elementor-size-default\">\u00bfQu\u00e9 es la mediaci\u00f3?\n<\/div>\t\t\t\t<\/div>\n\t\t\t\t<\/div>\n\t\t\t\t<div class=\"elementor-element elementor-element-30684054 elementor-widget elementor-widget-text-editor\" data-id=\"30684054\" data-element_type=\"widget\" data-widget_type=\"text-editor.default\">\n\t\t\t\t<div class=\"elementor-widget-container\">\n\t\t\t\t\t\t\t\t\t<p>La mediaci\u00f3 \u00e9s un sistema alternatiu al judicial per resoldre conflictes. \u00c9s m\u00e9s r\u00e0pid, econ\u00f2mic i cordial. El proc\u00e9s \u00e9s totalment confidencial i protegeix la relaci\u00f3 de les parts enfrontades. La mediaci\u00f3 contribueix al fet que les parts coneguin l\u2019origen i abast de les seves difer\u00e8ncies i conflictes, les causes i conseq\u00fc\u00e8ncies creant un espai de di\u00e0leg i comunicaci\u00f3.<\/p>\n<p>El mediador no decideix sin\u00f3 que ajuda a les parts enfrontades a escoltar-se, i a explorar les diferents vies que puguin conduir a una soluci\u00f3 v\u00e0lida i acceptable per a elles.<\/p>\n<p>Als Estats Units el 78% dels casos que van a mediaci\u00f3 s\u00f3n resolts amb acord. L\u2019acord de mediaci\u00f3 es plasma en una acta final de mediaci\u00f3 i t\u00e9 el valor d\u2019un contracte privat que si se signa davant notari t\u00e9 for\u00e7a executiva, com una sent\u00e8ncia.<\/p>\n<p>\u00c9s un proc\u00e9s que no tanca cap altra via. Si no \u00e9s possible arribar a un acord pot sotmetre l\u2019assumpte a arbitratge o plantejar davant el Jutjat. Mentre s\u2019est\u00e0 desenvolupant la mediaci\u00f3 no es pot iniciar cap acci\u00f3 arbitral o judicial entre les parts i els terminis de caducitat i prescripci\u00f3 queden suspesos.<\/p>\n<p>Les Comissions de Mediaci\u00f3 de les demarcacions s\u00f3n les encarregades de la designaci\u00f3 dels mediadors. La designaci\u00f3 es far\u00e0 per torn. Excepcionalment no s\u2019atendr\u00e0 el torn quan les parts de mutu acord o els \u00f2rgans judicials designin un mediador concret. En aquest cas, el mediador designat li anir\u00e0 tamb\u00e9 el torn a l\u2019assignaci\u00f3 d\u2019assumptes.<\/p>\n\t\t\t\t\t\t\t\t<\/div>\n\t\t\t\t<\/div>\n\t\t\t\t<div class=\"elementor-element elementor-element-4da1de5 elementor-invisible elementor-widget elementor-widget-heading\" data-id=\"4da1de5\" data-element_type=\"widget\" data-settings=\"{&quot;_animation&quot;:&quot;fadeInUp&quot;,&quot;_animation_delay&quot;:&quot;40&quot;}\" data-widget_type=\"heading.default\">\n\t\t\t\t<div class=\"elementor-widget-container\">\n\t\t\t\t\t<div class=\"elementor-heading-title elementor-size-default\">Avantatges de la mediaci\u00f3.<\/div>\t\t\t\t<\/div>\n\t\t\t\t<\/div>\n\t\t\t\t<div class=\"elementor-element elementor-element-70f12061 elementor-widget elementor-widget-text-editor\" data-id=\"70f12061\" data-element_type=\"widget\" data-widget_type=\"text-editor.default\">\n\t\t\t\t<div class=\"elementor-widget-container\">\n\t\t\t\t\t\t\t\t\t<ul>\n<li>\u00c9s un procediment:\n<ul>\n<li>Confidencial<\/li>\n<li>Voluntari per les parts<\/li>\n<li>\u00c0gil i proper<\/li>\n<li>Sense advocats ni procuradors.<\/li>\n<\/ul>\n<\/li>\n<li>Crea un espai per a la comunicaci\u00f3, el di\u00e0leg, l\u2019entesa i el consens.<\/li>\n<li>Ofereix solucions personalitzades adaptades a les necessitats de les parts en conflicte. Les parts es troben en una posici\u00f3 d\u2019igualtat i s\u00f3n protagonistes en l\u2019adopci\u00f3 d\u2019acords m\u00e9s duradors i respectats.<\/li>\n<li>Les solucions s\u00f3n sempre acceptades per les parts, la qual cosa garanteix un millor compliment i prev\u00e9 conflictes futurs.<\/li>\n<\/ul>\n<p>Els mediadors tenen asseguran\u00e7a de responsabilitat civil i han de seguir una formaci\u00f3 continuada.<\/p>\n<p>Aqu\u00ed hi ha els Estatuts de <strong><a style=\"background-color: #ffffff; font-family: var( --e-global-typography-primary-font-family ), Sans-serif; font-style: var( --e-global-typography-primary-font-style ); font-weight: var( --e-global-typography-primary-font-weight );\" href=\"http:\/\/caminsbalears.org\/wp-content\/uploads\/2023\/05\/estatutos_mediacaminos_web.pdf\" target=\"_blank\" rel=\"noopener\">Estatutos de MediaCaminos<\/a><\/strong><\/p>\n<p>M\u00e9s informaci\u00f3 a les demarcacions o <a class=\"ampliar\" href=\"mailto:mediacaminos@ciccp.es\" target=\"_blank\" rel=\"noopener noreferrer\">mediacaminos@ciccp.es<\/a><\/p>\n<p><strong>Previsi\u00f3: cl\u00e0usula de submissi\u00f3 a mediaci\u00f3.<\/strong><\/p>\n<p>Per beneficiar-te amb seguretat dels avantatges de la mediaci\u00f3 inclou en els teus contractes la seg\u00fcent cl\u00e0usula de submissi\u00f3 a la mediaci\u00f3 gestionada per MediaCAMINOS:<\/p>\n<p><strong><i>\u201cLes parts que intervenen acorden lliure i volunt\u00e0riament que totes les desavinences, controv\u00e8rsies, diverg\u00e8ncies o q\u00fcestions litigioses que derivin del present contracte, es resoldran, \u2013 abans de rec\u00f3rrer a l\u2019arbitratge o un altre procediment de resoluci\u00f3 de conflictes-, a trav\u00e9s de mediaci\u00f3 que s\u2019administrar\u00e0 per MediaCAMINOS, la instituci\u00f3 de mediaci\u00f3 del Col\u00b7legi d\u2019Enginyers de Camins, Canals i Ports, amb subjecci\u00f3 a les seves Estatuts i altres normes que resultin d\u2019aplicaci\u00f3 i resultin vigents en la data de sol\u00b7licitud de la mediaci\u00f3 \u201c<\/i><\/strong><\/p>\n<p><strong><a class=\"ampliar\" href=\"http:\/\/caminsbalears.org\/tarifas-mediacaminos\/\" rel=\"noopener noreferrer\">Quotes i Tarifes de MediaCaminos<\/a><\/strong><\/p>\n\t\t\t\t\t\t\t\t<\/div>\n\t\t\t\t<\/div>\n\t\t\t\t\t<\/div>\n\t\t<\/div>\n\t\t\t\t\t<\/div>\n\t\t<\/section>\n\t\t\t\t<\/div>\n\t\t","protected":false},"excerpt":{"rendered":"<p>MEDIACI\u00d3 CERTIFICATS ASSESSOR\u00cdA JURIDICA PERITS JUDICIALS BIBLIOTECA MEDIACI\u00d3 \u00bfQu\u00e9 es la mediaci\u00f3? La mediaci\u00f3 \u00e9s un sistema alternatiu al judicial per resoldre conflictes. \u00c9s m\u00e9s r\u00e0pid, econ\u00f2mic i cordial. El proc\u00e9s \u00e9s totalment confidencial i protegeix la relaci\u00f3 de les parts enfrontades. La mediaci\u00f3 contribueix al fet que les parts coneguin l\u2019origen i abast de [&hellip;]<\/p>\n","protected":false},"author":1,"featured_media":0,"parent":0,"menu_order":0,"comment_status":"closed","ping_status":"closed","template":"elementor_header_footer","meta":{"footnotes":""},"class_list":["post-3377","page","type-page","status-publish","hentry"],"_links":{"self":[{"href":"https:\/\/caminsbalears.org\/ca\/wp-json\/wp\/v2\/pages\/3377","targetHints":{"allow":["GET"]}}],"collection":[{"href":"https:\/\/caminsbalears.org\/ca\/wp-json\/wp\/v2\/pages"}],"about":[{"href":"https:\/\/caminsbalears.org\/ca\/wp-json\/wp\/v2\/types\/page"}],"author":[{"embeddable":true,"href":"https:\/\/caminsbalears.org\/ca\/wp-json\/wp\/v2\/users\/1"}],"replies":[{"embeddable":true,"href":"https:\/\/caminsbalears.org\/ca\/wp-json\/wp\/v2\/comments?post=3377"}],"version-history":[{"count":6,"href":"https:\/\/caminsbalears.org\/ca\/wp-json\/wp\/v2\/pages\/3377\/revisions"}],"predecessor-version":[{"id":3950,"href":"https:\/\/caminsbalears.org\/ca\/wp-json\/wp\/v2\/pages\/3377\/revisions\/3950"}],"wp:attachment":[{"href":"https:\/\/caminsbalears.org\/ca\/wp-json\/wp\/v2\/media?parent=3377"}],"curies":[{"name":"wp","href":"https:\/\/api.w.org\/{rel}","templated":true}]}}