{"id":3337,"date":"2023-02-20T10:16:08","date_gmt":"2023-02-20T09:16:08","guid":{"rendered":"http:\/\/caminsbalears.org\/quotes\/"},"modified":"2026-01-22T11:16:59","modified_gmt":"2026-01-22T10:16:59","slug":"quotes","status":"publish","type":"page","link":"https:\/\/caminsbalears.org\/ca\/quotes\/","title":{"rendered":"QUOTES"},"content":{"rendered":"\t\t<div data-elementor-type=\"wp-page\" data-elementor-id=\"3337\" class=\"elementor elementor-3337 elementor-2636\" data-elementor-post-type=\"page\">\n\t\t\t\t\t\t<section class=\"elementor-section elementor-top-section elementor-element elementor-element-7f088966 elementor-section-height-min-height elementor-section-boxed elementor-section-height-default elementor-section-items-middle\" data-id=\"7f088966\" data-element_type=\"section\" data-settings=\"{&quot;background_background&quot;:&quot;classic&quot;,&quot;shape_divider_bottom&quot;:&quot;pyramids&quot;}\">\n\t\t\t\t\t<div class=\"elementor-shape elementor-shape-bottom\" aria-hidden=\"true\" data-negative=\"false\">\n\t\t\t<svg xmlns=\"http:\/\/www.w3.org\/2000\/svg\" viewBox=\"0 0 1000 100\" preserveAspectRatio=\"none\">\n\t<path class=\"elementor-shape-fill\" d=\"M761.9,44.1L643.1,27.2L333.8,98L0,3.8V0l1000,0v3.9\"\/>\n<\/svg>\t\t<\/div>\n\t\t\t\t\t<div class=\"elementor-container elementor-column-gap-wider\">\n\t\t\t\t\t<div class=\"elementor-column elementor-col-100 elementor-top-column elementor-element elementor-element-3ce53340\" data-id=\"3ce53340\" data-element_type=\"column\">\n\t\t\t<div class=\"elementor-widget-wrap elementor-element-populated\">\n\t\t\t\t\t\t<div class=\"elementor-element elementor-element-42e93620 elementor-widget__width-auto elementor-view-default elementor-widget elementor-widget-icon\" data-id=\"42e93620\" data-element_type=\"widget\" data-widget_type=\"icon.default\">\n\t\t\t\t<div class=\"elementor-widget-container\">\n\t\t\t\t\t\t\t<div class=\"elementor-icon-wrapper\">\n\t\t\t<div class=\"elementor-icon\">\n\t\t\t<i aria-hidden=\"true\" class=\"fas fa-chevron-right\"><\/i>\t\t\t<\/div>\n\t\t<\/div>\n\t\t\t\t\t\t<\/div>\n\t\t\t\t<\/div>\n\t\t\t\t\t<\/div>\n\t\t<\/div>\n\t\t\t\t\t<\/div>\n\t\t<\/section>\n\t\t\t\t<section class=\"elementor-section elementor-top-section elementor-element elementor-element-669d3592 elementor-section-boxed elementor-section-height-default elementor-section-height-default\" data-id=\"669d3592\" data-element_type=\"section\">\n\t\t\t\t\t\t<div class=\"elementor-container elementor-column-gap-wider\">\n\t\t\t\t\t<div class=\"elementor-column elementor-col-50 elementor-top-column elementor-element elementor-element-441ce171\" data-id=\"441ce171\" data-element_type=\"column\">\n\t\t\t<div class=\"elementor-widget-wrap elementor-element-populated\">\n\t\t\t\t\t\t<div class=\"elementor-element elementor-element-212b93a1 elementor-align-start elementor-icon-list--layout-traditional elementor-list-item-link-full_width elementor-widget elementor-widget-icon-list\" data-id=\"212b93a1\" data-element_type=\"widget\" data-widget_type=\"icon-list.default\">\n\t\t\t\t<div class=\"elementor-widget-container\">\n\t\t\t\t\t\t\t<ul class=\"elementor-icon-list-items\">\n\t\t\t\t\t\t\t<li class=\"elementor-icon-list-item\">\n\t\t\t\t\t\t\t\t\t\t<span class=\"elementor-icon-list-text\">DOCUMENTS ON-LINE<\/span>\n\t\t\t\t\t\t\t\t\t<\/li>\n\t\t\t\t\t\t\t\t<li class=\"elementor-icon-list-item\">\n\t\t\t\t\t\t\t\t\t\t\t<a href=\"http:\/\/www3.ciccp.es\/el-colegiado\/sede-electronica\/tramites\/#1511423445253-8b2c6d54-e20f\" target=\"_blank\">\n\n\t\t\t\t\t\t\t\t\t\t\t\t<span class=\"elementor-icon-list-icon\">\n\t\t\t\t\t\t\t<i aria-hidden=\"true\" class=\"fas fa-square\"><\/i>\t\t\t\t\t\t<\/span>\n\t\t\t\t\t\t\t\t\t\t<span class=\"elementor-icon-list-text\"> ALTA DE COL\u00b7LEGIAT<\/span>\n\t\t\t\t\t\t\t\t\t\t\t<\/a>\n\t\t\t\t\t\t\t\t\t<\/li>\n\t\t\t\t\t\t\t\t<li class=\"elementor-icon-list-item\">\n\t\t\t\t\t\t\t\t\t\t\t<a href=\"https:\/\/www.colegiocaminos.es\/precolegiacion\" target=\"_blank\">\n\n\t\t\t\t\t\t\t\t\t\t\t\t<span class=\"elementor-icon-list-icon\">\n\t\t\t\t\t\t\t<i aria-hidden=\"true\" class=\"fas fa-square\"><\/i>\t\t\t\t\t\t<\/span>\n\t\t\t\t\t\t\t\t\t\t<span class=\"elementor-icon-list-text\">PRE-COL\u00b7LEGIACI\u00d3<\/span>\n\t\t\t\t\t\t\t\t\t\t\t<\/a>\n\t\t\t\t\t\t\t\t\t<\/li>\n\t\t\t\t\t\t\t\t<li class=\"elementor-icon-list-item\">\n\t\t\t\t\t\t\t\t\t\t\t<a href=\"http:\/\/www.colegiocaminos.es\/link-caminos\" target=\"_blank\">\n\n\t\t\t\t\t\t\t\t\t\t\t\t<span class=\"elementor-icon-list-icon\">\n\t\t\t\t\t\t\t<i aria-hidden=\"true\" class=\"fas fa-square\"><\/i>\t\t\t\t\t\t<\/span>\n\t\t\t\t\t\t\t\t\t\t<span class=\"elementor-icon-list-text\">LINKCAMINOS<\/span>\n\t\t\t\t\t\t\t\t\t\t\t<\/a>\n\t\t\t\t\t\t\t\t\t<\/li>\n\t\t\t\t\t\t\t\t<li class=\"elementor-icon-list-item\">\n\t\t\t\t\t\t\t\t\t\t<span class=\"elementor-icon-list-text\"><\/span>\n\t\t\t\t\t\t\t\t\t<\/li>\n\t\t\t\t\t\t\t\t<li class=\"elementor-icon-list-item\">\n\t\t\t\t\t\t\t\t\t\t\t<a href=\"http:\/\/caminsbalears.org\/documentacion-necesaria-para-la-colegiacion\/\" target=\"_blank\">\n\n\t\t\t\t\t\t\t\t\t\t\t<span class=\"elementor-icon-list-text\">DOCUMENTACI\u00d3 NECESS\u00c0RIA PER A LA COL\u00b7LEGIACI\u00d3<\/span>\n\t\t\t\t\t\t\t\t\t\t\t<\/a>\n\t\t\t\t\t\t\t\t\t<\/li>\n\t\t\t\t\t\t\t\t<li class=\"elementor-icon-list-item\">\n\t\t\t\t\t\t\t\t\t\t\t<a href=\"http:\/\/caminsbalears.org\/ca\/col%c2%b7legiacio-dels-funcionaris\/\" target=\"_blank\">\n\n\t\t\t\t\t\t\t\t\t\t\t<span class=\"elementor-icon-list-text\">COL\u00b7LEGIACI\u00d3 DELS FUNCIONARIS<\/span>\n\t\t\t\t\t\t\t\t\t\t\t<\/a>\n\t\t\t\t\t\t\t\t\t<\/li>\n\t\t\t\t\t\t\t\t<li class=\"elementor-icon-list-item\">\n\t\t\t\t\t\t\t\t\t\t\t<a href=\"http:\/\/caminsbalears.org\/ca\/quotes\/\" target=\"_blank\">\n\n\t\t\t\t\t\t\t\t\t\t\t\t<span class=\"elementor-icon-list-icon\">\n\t\t\t\t\t\t\t<i aria-hidden=\"true\" class=\"far fa-check-square\"><\/i>\t\t\t\t\t\t<\/span>\n\t\t\t\t\t\t\t\t\t\t<span class=\"elementor-icon-list-text\">QUOTES<\/span>\n\t\t\t\t\t\t\t\t\t\t\t<\/a>\n\t\t\t\t\t\t\t\t\t<\/li>\n\t\t\t\t\t\t\t\t<li class=\"elementor-icon-list-item\">\n\t\t\t\t\t\t\t\t\t\t<span class=\"elementor-icon-list-text\"><\/span>\n\t\t\t\t\t\t\t\t\t<\/li>\n\t\t\t\t\t\t<\/ul>\n\t\t\t\t\t\t<\/div>\n\t\t\t\t<\/div>\n\t\t\t\t\t<\/div>\n\t\t<\/div>\n\t\t\t\t<div class=\"elementor-column elementor-col-50 elementor-top-column elementor-element elementor-element-72a814b4\" data-id=\"72a814b4\" data-element_type=\"column\">\n\t\t\t<div class=\"elementor-widget-wrap elementor-element-populated\">\n\t\t\t\t\t\t<div class=\"elementor-element elementor-element-2af2f3f7 elementor-widget elementor-widget-heading\" data-id=\"2af2f3f7\" data-element_type=\"widget\" data-widget_type=\"heading.default\">\n\t\t\t\t<div class=\"elementor-widget-container\">\n\t\t\t\t\t<h5 class=\"elementor-heading-title elementor-size-default\">QUOTES<\/h5>\t\t\t\t<\/div>\n\t\t\t\t<\/div>\n\t\t\t\t<div class=\"elementor-element elementor-element-6a2f369a elementor-widget elementor-widget-text-editor\" data-id=\"6a2f369a\" data-element_type=\"widget\" data-widget_type=\"text-editor.default\">\n\t\t\t\t<div class=\"elementor-widget-container\">\n\t\t\t\t\t\t\t\t\t<ul>\n<li>La <strong>quota ordin\u00e0ria<\/strong> amb car\u00e0cter general \u00e9s de 271,64 \u20ac \/ any.<\/li>\n<li>La <strong>quota de reincorporaci\u00f3<\/strong> per als enginyers que, en situaci\u00f3 de baixa, vulguin tornar a donar-se d\u2019alta al Col\u00b7legi t\u00e9 la quantia d\u2019un any complet de col\u00b7legiaci\u00f3.<\/li>\n<\/ul>\n\t\t\t\t\t\t\t\t<\/div>\n\t\t\t\t<\/div>\n\t\t\t\t<div class=\"elementor-element elementor-element-59d465f7 elementor-invisible elementor-widget elementor-widget-heading\" data-id=\"59d465f7\" data-element_type=\"widget\" data-settings=\"{&quot;_animation&quot;:&quot;fadeInUp&quot;,&quot;_animation_delay&quot;:&quot;40&quot;}\" data-widget_type=\"heading.default\">\n\t\t\t\t<div class=\"elementor-widget-container\">\n\t\t\t\t\t<div class=\"elementor-heading-title elementor-size-default\"> Reduccions de la quota ordin\u00e0ria:\n\n<\/div>\t\t\t\t<\/div>\n\t\t\t\t<\/div>\n\t\t\t\t<div class=\"elementor-element elementor-element-f330d0c elementor-widget elementor-widget-text-editor\" data-id=\"f330d0c\" data-element_type=\"widget\" data-widget_type=\"text-editor.default\">\n\t\t\t\t<div class=\"elementor-widget-container\">\n\t\t\t\t\t\t\t\t\t<ul>\n<li>Els Col\u00b7legiats que hagin sol\u00b7licitat la seva incorporaci\u00f3 al Col\u00b7legi dins dels 12 mesos seg\u00fcents a la finalitzaci\u00f3 de la cursa (*), tenen dret a les seg\u00fcents reduccions de la quota:\n<\/li>\n<\/ul>\n<ol>\n<li>Reducci\u00f3 d\u2019un 65% durant els dotze primers mesos de col\u00b7legiaci\u00f3 (95,07 \u20ac \/ any).<\/li>\n<li>Reducci\u00f3 d\u2019un 30% durant els dotze mesos seg\u00fcents als contemplats en l\u2019apartat anterior. (190,15 \u20ac \/ any).\n<\/li>\n<\/ol>\n<ul>\n<li>Els col\u00b7legiats <strong>jubilats<\/strong> majors de 75 anys estan exempts de quota.<\/li>\n<li>Els <strong>jubilats<\/strong> (inclosos els d\u2019estranger) tenen una reducci\u00f3 d\u2019un 75% de la quota (67,92 \u20ac \/ any), a partir de la data en qu\u00e8 ho comuniquin al Col\u00b7legi mitjan\u00e7ant la seva <a href=\"http:\/\/www.ciccp.es\/modificacol\">modificaci\u00f3 de dades en el Mestre de Col\u00b7legiats.<\/a><\/li>\n<li>Els <strong>Col\u00b7legiats residents a l\u2019estranger<\/strong> (tret que sigui a USA o Canad\u00e0), abonen el 80% de la quota ordin\u00e0ria (217,31 \u20ac \/ any), a partir de la data en qu\u00e8 ho comuniquin al Col\u00b7legi mitjan\u00e7ant la seva <a href=\"http:\/\/www.ciccp.es\/modificacol\">modificaci\u00f3 de dades en el Mestre de Col\u00b7legiats.<\/a><\/li>\n<li>Els Col\u00b7legiats <strong>residents a USA o Canad\u00e0<\/strong> abonen el 70% de la quota ordin\u00e0ria (190,15 \u20ac \/ any), a partir de la data en qu\u00e8 ho comuniquin al Col\u00b7legi mitjan\u00e7ant la seva <a href=\"http:\/\/www.ciccp.es\/modificacol\">modificaci\u00f3 de dades en el Mestre de Col\u00b7legiats.<\/a><\/li>\n<li>Reducci\u00f3 del 30% tenen tamb\u00e9 els col\u00b7legiats que <strong>realitzin cursos de Postgrau (inclosos els d\u2019estranger),<\/strong> mentre duri aquesta situaci\u00f3, a partir de la data en qu\u00e8 ho comuniquin al Col\u00b7legi mitjan\u00e7ant la seva modificaci\u00f3 de dades en el Mestre de Col\u00b7legiats.<\/li>\n<li>Els Col\u00b7legiats en <strong>situaci\u00f3 d\u2019atur<\/strong> tenen una reducci\u00f3 del 90% de la quota ordin\u00e0ria mentre duri aquesta situaci\u00f3, que justificaran degudament. Aquesta reducci\u00f3 ser\u00e0 efectiva en el seg\u00fcent rebut trimestral des del moment de presentaci\u00f3 del corresponent justificant.<\/li>\n<li><strong>Situacions especials<\/strong>, estan exempts del pagament de la quota, a partir de la data en qu\u00e8 ho comuniquin al Col\u00b7legi mitjan\u00e7ant la seva modificaci\u00f3 de dades en el Mestre de Col\u00b7legiats.<\/li>\n<\/ul>\n\t\t\t\t\t\t\t\t<\/div>\n\t\t\t\t<\/div>\n\t\t\t\t\t<\/div>\n\t\t<\/div>\n\t\t\t\t\t<\/div>\n\t\t<\/section>\n\t\t\t\t<\/div>\n\t\t","protected":false},"excerpt":{"rendered":"<p>DOCUMENTS ON-LINE ALTA DE COL\u00b7LEGIAT PRE-COL\u00b7LEGIACI\u00d3 LINKCAMINOS DOCUMENTACI\u00d3 NECESS\u00c0RIA PER A LA COL\u00b7LEGIACI\u00d3 COL\u00b7LEGIACI\u00d3 DELS FUNCIONARIS QUOTES QUOTES La quota ordin\u00e0ria amb car\u00e0cter general \u00e9s de 271,64 \u20ac \/ any. La quota de reincorporaci\u00f3 per als enginyers que, en situaci\u00f3 de baixa, vulguin tornar a donar-se d\u2019alta al Col\u00b7legi t\u00e9 la quantia d\u2019un any complet [&hellip;]<\/p>\n","protected":false},"author":1,"featured_media":0,"parent":0,"menu_order":0,"comment_status":"closed","ping_status":"closed","template":"elementor_header_footer","meta":{"footnotes":""},"class_list":["post-3337","page","type-page","status-publish","hentry"],"_links":{"self":[{"href":"https:\/\/caminsbalears.org\/ca\/wp-json\/wp\/v2\/pages\/3337","targetHints":{"allow":["GET"]}}],"collection":[{"href":"https:\/\/caminsbalears.org\/ca\/wp-json\/wp\/v2\/pages"}],"about":[{"href":"https:\/\/caminsbalears.org\/ca\/wp-json\/wp\/v2\/types\/page"}],"author":[{"embeddable":true,"href":"https:\/\/caminsbalears.org\/ca\/wp-json\/wp\/v2\/users\/1"}],"replies":[{"embeddable":true,"href":"https:\/\/caminsbalears.org\/ca\/wp-json\/wp\/v2\/comments?post=3337"}],"version-history":[{"count":12,"href":"https:\/\/caminsbalears.org\/ca\/wp-json\/wp\/v2\/pages\/3337\/revisions"}],"predecessor-version":[{"id":4507,"href":"https:\/\/caminsbalears.org\/ca\/wp-json\/wp\/v2\/pages\/3337\/revisions\/4507"}],"wp:attachment":[{"href":"https:\/\/caminsbalears.org\/ca\/wp-json\/wp\/v2\/media?parent=3337"}],"curies":[{"name":"wp","href":"https:\/\/api.w.org\/{rel}","templated":true}]}}