{"id":3321,"date":"2023-02-20T09:29:08","date_gmt":"2023-02-20T08:29:08","guid":{"rendered":"http:\/\/caminsbalears.org\/certificats\/"},"modified":"2023-05-31T10:55:32","modified_gmt":"2023-05-31T08:55:32","slug":"certificats","status":"publish","type":"page","link":"https:\/\/caminsbalears.org\/ca\/certificats\/","title":{"rendered":"Certificats"},"content":{"rendered":"\t\t<div data-elementor-type=\"wp-page\" data-elementor-id=\"3321\" class=\"elementor elementor-3321 elementor-2557\" data-elementor-post-type=\"page\">\n\t\t\t\t\t\t<section class=\"elementor-section elementor-top-section elementor-element elementor-element-6534f859 elementor-section-height-min-height elementor-section-boxed elementor-section-height-default elementor-section-items-middle\" data-id=\"6534f859\" data-element_type=\"section\" data-settings=\"{&quot;background_background&quot;:&quot;classic&quot;,&quot;shape_divider_bottom&quot;:&quot;pyramids&quot;}\">\n\t\t\t\t\t<div class=\"elementor-shape elementor-shape-bottom\" aria-hidden=\"true\" data-negative=\"false\">\n\t\t\t<svg xmlns=\"http:\/\/www.w3.org\/2000\/svg\" viewBox=\"0 0 1000 100\" preserveAspectRatio=\"none\">\n\t<path class=\"elementor-shape-fill\" d=\"M761.9,44.1L643.1,27.2L333.8,98L0,3.8V0l1000,0v3.9\"\/>\n<\/svg>\t\t<\/div>\n\t\t\t\t\t<div class=\"elementor-container elementor-column-gap-wider\">\n\t\t\t\t\t<div class=\"elementor-column elementor-col-100 elementor-top-column elementor-element elementor-element-214e1a2e\" data-id=\"214e1a2e\" data-element_type=\"column\">\n\t\t\t<div class=\"elementor-widget-wrap elementor-element-populated\">\n\t\t\t\t\t\t<div class=\"elementor-element elementor-element-6ddeb236 elementor-widget__width-auto elementor-view-default elementor-widget elementor-widget-icon\" data-id=\"6ddeb236\" data-element_type=\"widget\" data-widget_type=\"icon.default\">\n\t\t\t\t<div class=\"elementor-widget-container\">\n\t\t\t\t\t\t\t<div class=\"elementor-icon-wrapper\">\n\t\t\t<div class=\"elementor-icon\">\n\t\t\t<i aria-hidden=\"true\" class=\"fas fa-chevron-right\"><\/i>\t\t\t<\/div>\n\t\t<\/div>\n\t\t\t\t\t\t<\/div>\n\t\t\t\t<\/div>\n\t\t\t\t\t<\/div>\n\t\t<\/div>\n\t\t\t\t\t<\/div>\n\t\t<\/section>\n\t\t\t\t<section class=\"elementor-section elementor-top-section elementor-element elementor-element-1f134206 elementor-section-boxed elementor-section-height-default elementor-section-height-default\" data-id=\"1f134206\" data-element_type=\"section\">\n\t\t\t\t\t\t<div class=\"elementor-container elementor-column-gap-wider\">\n\t\t\t\t\t<div class=\"elementor-column elementor-col-50 elementor-top-column elementor-element elementor-element-61684459\" data-id=\"61684459\" data-element_type=\"column\">\n\t\t\t<div class=\"elementor-widget-wrap elementor-element-populated\">\n\t\t\t\t\t\t<div class=\"elementor-element elementor-element-6b31f62f elementor-align-start elementor-icon-list--layout-traditional elementor-list-item-link-full_width elementor-widget elementor-widget-icon-list\" data-id=\"6b31f62f\" data-element_type=\"widget\" data-widget_type=\"icon-list.default\">\n\t\t\t\t<div class=\"elementor-widget-container\">\n\t\t\t\t\t\t\t<ul class=\"elementor-icon-list-items\">\n\t\t\t\t\t\t\t<li class=\"elementor-icon-list-item\">\n\t\t\t\t\t\t\t\t\t\t\t<a href=\"\/mediacion\">\n\n\t\t\t\t\t\t\t\t\t\t\t<span class=\"elementor-icon-list-text\">MEDIACI\u00d3<\/span>\n\t\t\t\t\t\t\t\t\t\t\t<\/a>\n\t\t\t\t\t\t\t\t\t<\/li>\n\t\t\t\t\t\t\t\t<li class=\"elementor-icon-list-item\">\n\t\t\t\t\t\t\t\t\t\t\t<a href=\"http:\/\/caminsbalears.org\/ca\/certificats\/\">\n\n\t\t\t\t\t\t\t\t\t\t\t\t<span class=\"elementor-icon-list-icon\">\n\t\t\t\t\t\t\t<i aria-hidden=\"true\" class=\"far fa-check-square\"><\/i>\t\t\t\t\t\t<\/span>\n\t\t\t\t\t\t\t\t\t\t<span class=\"elementor-icon-list-text\">CERTIFICATS<\/span>\n\t\t\t\t\t\t\t\t\t\t\t<\/a>\n\t\t\t\t\t\t\t\t\t<\/li>\n\t\t\t\t\t\t\t\t<li class=\"elementor-icon-list-item\">\n\t\t\t\t\t\t\t\t\t\t\t<a href=\"http:\/\/caminsbalears.org\/ca\/assessoria-juridica\/\">\n\n\t\t\t\t\t\t\t\t\t\t\t<span class=\"elementor-icon-list-text\">ASSESSOR\u00cdA JURIDICA<\/span>\n\t\t\t\t\t\t\t\t\t\t\t<\/a>\n\t\t\t\t\t\t\t\t\t<\/li>\n\t\t\t\t\t\t\t\t<li class=\"elementor-icon-list-item\">\n\t\t\t\t\t\t\t\t\t\t\t<a href=\"http:\/\/caminsbalears.org\/ca\/perits-judicials\/\">\n\n\t\t\t\t\t\t\t\t\t\t\t<span class=\"elementor-icon-list-text\">PERITS JUDICIALS<\/span>\n\t\t\t\t\t\t\t\t\t\t\t<\/a>\n\t\t\t\t\t\t\t\t\t<\/li>\n\t\t\t\t\t\t\t\t<li class=\"elementor-icon-list-item\">\n\t\t\t\t\t\t\t\t\t\t\t<a href=\"http:\/\/caminsbalears.org\/ca\/biblioteca\/\">\n\n\t\t\t\t\t\t\t\t\t\t\t<span class=\"elementor-icon-list-text\">BIBLIOTECA<\/span>\n\t\t\t\t\t\t\t\t\t\t\t<\/a>\n\t\t\t\t\t\t\t\t\t<\/li>\n\t\t\t\t\t\t\t\t<li class=\"elementor-icon-list-item\">\n\t\t\t\t\t\t\t\t\t\t<span class=\"elementor-icon-list-text\"><\/span>\n\t\t\t\t\t\t\t\t\t<\/li>\n\t\t\t\t\t\t<\/ul>\n\t\t\t\t\t\t<\/div>\n\t\t\t\t<\/div>\n\t\t\t\t\t<\/div>\n\t\t<\/div>\n\t\t\t\t<div class=\"elementor-column elementor-col-50 elementor-top-column elementor-element elementor-element-316ba0e9\" data-id=\"316ba0e9\" data-element_type=\"column\">\n\t\t\t<div class=\"elementor-widget-wrap elementor-element-populated\">\n\t\t\t\t\t\t<div class=\"elementor-element elementor-element-77892810 elementor-widget elementor-widget-heading\" data-id=\"77892810\" data-element_type=\"widget\" data-widget_type=\"heading.default\">\n\t\t\t\t<div class=\"elementor-widget-container\">\n\t\t\t\t\t<h5 class=\"elementor-heading-title elementor-size-default\">CERTIFICATS<\/h5>\t\t\t\t<\/div>\n\t\t\t\t<\/div>\n\t\t\t\t<div class=\"elementor-element elementor-element-25cbb9dd elementor-invisible elementor-widget elementor-widget-heading\" data-id=\"25cbb9dd\" data-element_type=\"widget\" data-settings=\"{&quot;_animation&quot;:&quot;fadeInUp&quot;,&quot;_animation_delay&quot;:&quot;40&quot;}\" data-widget_type=\"heading.default\">\n\t\t\t\t<div class=\"elementor-widget-container\">\n\t\t\t\t\t<div class=\"elementor-heading-title elementor-size-default\">CERTIFICATS D\u2019ACTUACI\u00d3 I D\u2019EXPERI\u00c8NCIA PROFESSIONAL<\/div>\t\t\t\t<\/div>\n\t\t\t\t<\/div>\n\t\t\t\t<div class=\"elementor-element elementor-element-7d00286a elementor-widget elementor-widget-text-editor\" data-id=\"7d00286a\" data-element_type=\"widget\" data-widget_type=\"text-editor.default\">\n\t\t\t\t<div class=\"elementor-widget-container\">\n\t\t\t\t\t\t\t\t\t<p style=\"text-align: center;\">El Certificat d\u2019Actuaci\u00f3 Professional (CAP), \u00e9s un document expedit pel Col\u00b7legi d\u2019Enginyers de Camins, Canals i Ports que t\u00e9 per objecte confirmar i registrar cadascuna de les actuacions professionals dels col\u00b7legiats per acreditar la seva autoria. \u00c9s un servei pensat per prestigiar el col\u00b7legiat acreditant la intervenci\u00f3 del mateix en la redacci\u00f3 de qualsevol projecte o document t\u00e8cnic, en el desenvolupament d\u2019una obra o, fins i tot, en l\u2019exercici de tasques de gesti\u00f3 en mat\u00e8ries d\u2019enginyeria de camins.<\/p>\n<p>El \u201cCertificat d\u2019Actuaci\u00f3 Professional\u201d es pot sol\u00b7licitar una vegada finalitzat el treball corresponent, sempre que no hagi transcorregut un any des de la seva finalitzaci\u00f3, tot i que durant els dos primers anys de vig\u00e8ncia d\u2019aquestes normes, s\u2019admetran per al seu registre treballs realitzats durant els cinc anys anteriors.<\/p>\n<p>El Certificat d\u2019Experi\u00e8ncia Professional (CEP), \u00e9s un altre document que recull tots els CAP o treballs visats d\u2019un col\u00b7legiat. El CEP equival a un curr\u00edculum entrat. Amb el CEP, els enginyers de Camins col\u00b7legiats poden acreditar la seva experi\u00e8ncia professional davant de tercers i oferir garanties de qualitat i responsabilitat.<\/p>\n<p>L\u2019expedici\u00f3 del \u201cCertificat d\u2019Actuaci\u00f3 Professional\u201d i del \u201cCertificat d\u2019Experi\u00e8ncia Professional\u201d ser\u00e0 funci\u00f3 del Secretari de la Demarcaci\u00f3. S\u2019atorgar\u00e0 una vegada que hagin estat verificades les acreditacions que el certificat comporta i previ pagament de la corresponent taxa.<\/p>\n<p>Quadre de preus de serveis aprovat en Junta de Govern de 30 d\u2019octubre del 2012.<\/p>\n<h5 style=\"text-align: center;\"><a href=\"http:\/\/caminsbalears.org\/wp-content\/uploads\/2017\/05\/Cuadro_Precios1.pdf\" target=\"_blank\" rel=\"noopener noreferrer\"><strong>Descarregar document<\/strong><\/a><\/h5>\n\t\t\t\t\t\t\t\t<\/div>\n\t\t\t\t<\/div>\n\t\t\t\t<div class=\"elementor-element elementor-element-26400687 elementor-invisible elementor-widget elementor-widget-heading\" data-id=\"26400687\" data-element_type=\"widget\" data-settings=\"{&quot;_animation&quot;:&quot;fadeInUp&quot;,&quot;_animation_delay&quot;:&quot;40&quot;}\" data-widget_type=\"heading.default\">\n\t\t\t\t<div class=\"elementor-widget-container\">\n\t\t\t\t\t<div class=\"elementor-heading-title elementor-size-default\">\u00bfQu\u00e8 es el CAP?\n<\/div>\t\t\t\t<\/div>\n\t\t\t\t<\/div>\n\t\t\t\t<div class=\"elementor-element elementor-element-1014a035 elementor-widget elementor-widget-text-editor\" data-id=\"1014a035\" data-element_type=\"widget\" data-widget_type=\"text-editor.default\">\n\t\t\t\t<div class=\"elementor-widget-container\">\n\t\t\t\t\t\t\t\t\t<p>El Certificat d\u2019Actuaci\u00f3 Professional (CAP) \u00e9s un document expedit pel Col\u00b7legi d\u2019Enginyers de Camins, Canals i Ports que t\u00e9 per objecte confirmar i registrar cadascuna de les actuacions professionals dels col\u00b7legiats per acreditar la seva autoria. L\u2019expedici\u00f3 del CAP es fa a petici\u00f3 \u00fanica i exclusivament dels seus col\u00b7legiats.<\/p>\n<p>Amb el CAP, els enginyers de camins col\u00b7legiats poden acreditar la seva experi\u00e8ncia professional davant de tercers i oferir garanties de qualitat i responsabilitat.<\/p>\n\t\t\t\t\t\t\t\t<\/div>\n\t\t\t\t<\/div>\n\t\t\t\t<div class=\"elementor-element elementor-element-837a311 elementor-invisible elementor-widget elementor-widget-heading\" data-id=\"837a311\" data-element_type=\"widget\" data-settings=\"{&quot;_animation&quot;:&quot;fadeInUp&quot;,&quot;_animation_delay&quot;:&quot;40&quot;}\" data-widget_type=\"heading.default\">\n\t\t\t\t<div class=\"elementor-widget-container\">\n\t\t\t\t\t<div class=\"elementor-heading-title elementor-size-default\">Modalitats\n<\/div>\t\t\t\t<\/div>\n\t\t\t\t<\/div>\n\t\t\t\t<div class=\"elementor-element elementor-element-2c81ed3 elementor-widget elementor-widget-text-editor\" data-id=\"2c81ed3\" data-element_type=\"widget\" data-widget_type=\"text-editor.default\">\n\t\t\t\t<div class=\"elementor-widget-container\">\n\t\t\t\t\t\t\t\t\t<p>Hi ha dues modalitats de CAP que cobreixen les diferents necessitats dels col\u00b7legiats.<\/p>\n<p><strong>CAP T\u00c8CNIC<\/strong><\/p>\n<p>\u00c9s un servei pensat per pretigiar al col\u00b7legiat acreditant la intervenci\u00f3 del mateix en la redacci\u00f3 de qualsevol projecte o document t\u00e8cnic, en el desenvolupament d\u2019una obra o, fins i tot, al ejecicio de tasques de gesti\u00f3 en material d\u2019enginyeria de camins.<\/p>\n<p><strong>VISAT<\/strong><\/p>\n<p>\u00c9s un servei pensat per a col\u00b7legiats que assumeixen responsabilitats legals en l\u2019autoria de projectes, documents t\u00e8cnics o en el desenvolupament de les funcions pr\u00f2pies del proc\u00e9s constructivo.Adem\u00e1s d\u2019acreditar l\u2019actuaci\u00f3, tamb\u00e9 cobreix la seva responsabilitat civil amb una \u00e0mplia segur ia un preu molt avantatj\u00f3s .<\/p>\n<p>El Col\u00b7legi ofereix el <strong>Certificat d\u2019Experi\u00e8ncia Professional (CEP)<\/strong>, que recull tots els CAP o visats d\u2019un col\u00b7legiat. El CEP equival a un CV entrat.<\/p>\n<h5 class=\"texto\" style=\"text-align: center;\"><a href=\"https:\/\/www.colegiocaminos.es\/certificacion\" target=\"_blank\" rel=\"noopener noreferrer\">+ informaci\u00f3<\/a><\/h5>\n\t\t\t\t\t\t\t\t<\/div>\n\t\t\t\t<\/div>\n\t\t\t\t\t<\/div>\n\t\t<\/div>\n\t\t\t\t\t<\/div>\n\t\t<\/section>\n\t\t\t\t<\/div>\n\t\t","protected":false},"excerpt":{"rendered":"<p>MEDIACI\u00d3 CERTIFICATS ASSESSOR\u00cdA JURIDICA PERITS JUDICIALS BIBLIOTECA CERTIFICATS CERTIFICATS D\u2019ACTUACI\u00d3 I D\u2019EXPERI\u00c8NCIA PROFESSIONAL El Certificat d\u2019Actuaci\u00f3 Professional (CAP), \u00e9s un document expedit pel Col\u00b7legi d\u2019Enginyers de Camins, Canals i Ports que t\u00e9 per objecte confirmar i registrar cadascuna de les actuacions professionals dels col\u00b7legiats per acreditar la seva autoria. \u00c9s un servei pensat per prestigiar [&hellip;]<\/p>\n","protected":false},"author":1,"featured_media":0,"parent":0,"menu_order":0,"comment_status":"closed","ping_status":"closed","template":"elementor_header_footer","meta":{"footnotes":""},"class_list":["post-3321","page","type-page","status-publish","hentry"],"_links":{"self":[{"href":"https:\/\/caminsbalears.org\/ca\/wp-json\/wp\/v2\/pages\/3321","targetHints":{"allow":["GET"]}}],"collection":[{"href":"https:\/\/caminsbalears.org\/ca\/wp-json\/wp\/v2\/pages"}],"about":[{"href":"https:\/\/caminsbalears.org\/ca\/wp-json\/wp\/v2\/types\/page"}],"author":[{"embeddable":true,"href":"https:\/\/caminsbalears.org\/ca\/wp-json\/wp\/v2\/users\/1"}],"replies":[{"embeddable":true,"href":"https:\/\/caminsbalears.org\/ca\/wp-json\/wp\/v2\/comments?post=3321"}],"version-history":[{"count":7,"href":"https:\/\/caminsbalears.org\/ca\/wp-json\/wp\/v2\/pages\/3321\/revisions"}],"predecessor-version":[{"id":3936,"href":"https:\/\/caminsbalears.org\/ca\/wp-json\/wp\/v2\/pages\/3321\/revisions\/3936"}],"wp:attachment":[{"href":"https:\/\/caminsbalears.org\/ca\/wp-json\/wp\/v2\/media?parent=3321"}],"curies":[{"name":"wp","href":"https:\/\/api.w.org\/{rel}","templated":true}]}}