{"id":3309,"date":"2023-02-20T09:34:57","date_gmt":"2023-02-20T09:34:57","guid":{"rendered":"http:\/\/caminsbalears.org\/assessoria-juridica\/"},"modified":"2023-05-31T10:54:32","modified_gmt":"2023-05-31T08:54:32","slug":"assessoria-juridica","status":"publish","type":"page","link":"https:\/\/caminsbalears.org\/ca\/assessoria-juridica\/","title":{"rendered":"ASSESSOR\u00cdA JURIDICA"},"content":{"rendered":"\t\t<div data-elementor-type=\"wp-page\" data-elementor-id=\"3309\" class=\"elementor elementor-3309 elementor-2567\" data-elementor-post-type=\"page\">\n\t\t\t\t\t\t<section class=\"elementor-section elementor-top-section elementor-element elementor-element-3797cc8b elementor-section-height-min-height elementor-section-boxed elementor-section-height-default elementor-section-items-middle\" data-id=\"3797cc8b\" data-element_type=\"section\" data-settings=\"{&quot;background_background&quot;:&quot;classic&quot;,&quot;shape_divider_bottom&quot;:&quot;pyramids&quot;}\">\n\t\t\t\t\t<div class=\"elementor-shape elementor-shape-bottom\" aria-hidden=\"true\" data-negative=\"false\">\n\t\t\t<svg xmlns=\"http:\/\/www.w3.org\/2000\/svg\" viewBox=\"0 0 1000 100\" preserveAspectRatio=\"none\">\n\t<path class=\"elementor-shape-fill\" d=\"M761.9,44.1L643.1,27.2L333.8,98L0,3.8V0l1000,0v3.9\"\/>\n<\/svg>\t\t<\/div>\n\t\t\t\t\t<div class=\"elementor-container elementor-column-gap-wider\">\n\t\t\t\t\t<div class=\"elementor-column elementor-col-100 elementor-top-column elementor-element elementor-element-5cf1e38f\" data-id=\"5cf1e38f\" data-element_type=\"column\">\n\t\t\t<div class=\"elementor-widget-wrap elementor-element-populated\">\n\t\t\t\t\t\t<div class=\"elementor-element elementor-element-d12762f elementor-widget__width-auto elementor-view-default elementor-widget elementor-widget-icon\" data-id=\"d12762f\" data-element_type=\"widget\" data-widget_type=\"icon.default\">\n\t\t\t\t<div class=\"elementor-widget-container\">\n\t\t\t\t\t\t\t<div class=\"elementor-icon-wrapper\">\n\t\t\t<div class=\"elementor-icon\">\n\t\t\t<i aria-hidden=\"true\" class=\"fas fa-chevron-right\"><\/i>\t\t\t<\/div>\n\t\t<\/div>\n\t\t\t\t\t\t<\/div>\n\t\t\t\t<\/div>\n\t\t\t\t\t<\/div>\n\t\t<\/div>\n\t\t\t\t\t<\/div>\n\t\t<\/section>\n\t\t\t\t<section class=\"elementor-section elementor-top-section elementor-element elementor-element-6ce42000 elementor-section-boxed elementor-section-height-default elementor-section-height-default\" data-id=\"6ce42000\" data-element_type=\"section\">\n\t\t\t\t\t\t<div class=\"elementor-container elementor-column-gap-wider\">\n\t\t\t\t\t<div class=\"elementor-column elementor-col-50 elementor-top-column elementor-element elementor-element-3124f816\" data-id=\"3124f816\" data-element_type=\"column\">\n\t\t\t<div class=\"elementor-widget-wrap elementor-element-populated\">\n\t\t\t\t\t\t<div class=\"elementor-element elementor-element-5fbe5d5e elementor-align-start elementor-icon-list--layout-traditional elementor-list-item-link-full_width elementor-widget elementor-widget-icon-list\" data-id=\"5fbe5d5e\" data-element_type=\"widget\" data-widget_type=\"icon-list.default\">\n\t\t\t\t<div class=\"elementor-widget-container\">\n\t\t\t\t\t\t\t<ul class=\"elementor-icon-list-items\">\n\t\t\t\t\t\t\t<li class=\"elementor-icon-list-item\">\n\t\t\t\t\t\t\t\t\t\t\t<a href=\"\/mediacion\">\n\n\t\t\t\t\t\t\t\t\t\t\t<span class=\"elementor-icon-list-text\">MEDIACI\u00d3<\/span>\n\t\t\t\t\t\t\t\t\t\t\t<\/a>\n\t\t\t\t\t\t\t\t\t<\/li>\n\t\t\t\t\t\t\t\t<li class=\"elementor-icon-list-item\">\n\t\t\t\t\t\t\t\t\t\t\t<a href=\"http:\/\/caminsbalears.org\/ca\/certificats\/\">\n\n\t\t\t\t\t\t\t\t\t\t\t<span class=\"elementor-icon-list-text\">CERTIFICATS<\/span>\n\t\t\t\t\t\t\t\t\t\t\t<\/a>\n\t\t\t\t\t\t\t\t\t<\/li>\n\t\t\t\t\t\t\t\t<li class=\"elementor-icon-list-item\">\n\t\t\t\t\t\t\t\t\t\t\t<a href=\"http:\/\/caminsbalears.org\/ca\/assessoria-juridica\/\">\n\n\t\t\t\t\t\t\t\t\t\t\t\t<span class=\"elementor-icon-list-icon\">\n\t\t\t\t\t\t\t<i aria-hidden=\"true\" class=\"far fa-check-square\"><\/i>\t\t\t\t\t\t<\/span>\n\t\t\t\t\t\t\t\t\t\t<span class=\"elementor-icon-list-text\">ASSESSOR\u00cdA JURIDICA<\/span>\n\t\t\t\t\t\t\t\t\t\t\t<\/a>\n\t\t\t\t\t\t\t\t\t<\/li>\n\t\t\t\t\t\t\t\t<li class=\"elementor-icon-list-item\">\n\t\t\t\t\t\t\t\t\t\t\t<a href=\"http:\/\/caminsbalears.org\/ca\/perits-judicials\/\">\n\n\t\t\t\t\t\t\t\t\t\t\t<span class=\"elementor-icon-list-text\">PERITS JUDICIALS<\/span>\n\t\t\t\t\t\t\t\t\t\t\t<\/a>\n\t\t\t\t\t\t\t\t\t<\/li>\n\t\t\t\t\t\t\t\t<li class=\"elementor-icon-list-item\">\n\t\t\t\t\t\t\t\t\t\t\t<a href=\"http:\/\/caminsbalears.org\/ca\/biblioteca\/\">\n\n\t\t\t\t\t\t\t\t\t\t\t<span class=\"elementor-icon-list-text\">BIBLIOTECA<\/span>\n\t\t\t\t\t\t\t\t\t\t\t<\/a>\n\t\t\t\t\t\t\t\t\t<\/li>\n\t\t\t\t\t\t\t\t<li class=\"elementor-icon-list-item\">\n\t\t\t\t\t\t\t\t\t\t<span class=\"elementor-icon-list-text\"><\/span>\n\t\t\t\t\t\t\t\t\t<\/li>\n\t\t\t\t\t\t<\/ul>\n\t\t\t\t\t\t<\/div>\n\t\t\t\t<\/div>\n\t\t\t\t\t<\/div>\n\t\t<\/div>\n\t\t\t\t<div class=\"elementor-column elementor-col-50 elementor-top-column elementor-element elementor-element-634d170b\" data-id=\"634d170b\" data-element_type=\"column\">\n\t\t\t<div class=\"elementor-widget-wrap elementor-element-populated\">\n\t\t\t\t\t\t<div class=\"elementor-element elementor-element-370122ed elementor-widget elementor-widget-heading\" data-id=\"370122ed\" data-element_type=\"widget\" data-widget_type=\"heading.default\">\n\t\t\t\t<div class=\"elementor-widget-container\">\n\t\t\t\t\t<h5 class=\"elementor-heading-title elementor-size-default\">ASSESSOR\u00cdA JURIDICA<\/h5>\t\t\t\t<\/div>\n\t\t\t\t<\/div>\n\t\t\t\t<div class=\"elementor-element elementor-element-3d5e73b elementor-invisible elementor-widget elementor-widget-heading\" data-id=\"3d5e73b\" data-element_type=\"widget\" data-settings=\"{&quot;_animation&quot;:&quot;fadeInUp&quot;,&quot;_animation_delay&quot;:&quot;40&quot;}\" data-widget_type=\"heading.default\">\n\t\t\t\t<div class=\"elementor-widget-container\">\n\t\t\t\t\t<div class=\"elementor-heading-title elementor-size-default\">Tasques que realitza l\u2019assessoria jur\u00eddica del Col\u00b7legi d\u2019Enginyers de Camins, Canals i Ports:<\/div>\t\t\t\t<\/div>\n\t\t\t\t<\/div>\n\t\t\t\t<div class=\"elementor-element elementor-element-5d2dad36 elementor-widget elementor-widget-text-editor\" data-id=\"5d2dad36\" data-element_type=\"widget\" data-widget_type=\"text-editor.default\">\n\t\t\t\t<div class=\"elementor-widget-container\">\n\t\t\t\t\t\t\t\t\t<p>Una de les funcions de l\u2019Assessoria Jur\u00eddica del Col\u00b7legi d\u2019Enginyers de Camins, Canals i Ports \u00e9s la d\u2019aconsellar legalment a la Junta Rectora de la Demarcaci\u00f3 de Les Illes Balears en tots els temes que requereixi, i emetre els informes i dict\u00e0mens corresponents.<\/p>\n<p>D\u2019altra banda, una de les actuacions m\u00e9s rellevants de l\u2019Assessoria Jur\u00eddica \u00e9s la defensa de la professi\u00f3 i, especialment, la defensa de les compet\u00e8ncies dels Enginyers de Camins, Canals, i Ports en aquelles mat\u00e8ries en qu\u00e8 estan t\u00e8cnica i legalment capacitats.<\/p>\n<p>La defensa de la professi\u00f3 \u00e9s una missi\u00f3 que transcendeix el mer inter\u00e8s del Col\u00b7legi d\u2019Enginyers de Camins, ja que redunda en benefici de la col\u00b7lectivitat. La nostra societat demana la lliure compet\u00e8ncia entre professionals t\u00e8cnicament qualificats, fins al punt que aquest principi \u00e9s un dels pilars del nostre sistema econ\u00f2mic i jur\u00eddic. Aquest servei es manifesta, d\u2019una banda, a evitar l\u2019intrusisme professional, i d\u2019altra banda, en permetre que els Enginyers de Camins, Canals, i Ports puguin accedir en lliure compet\u00e8ncia amb altres titulats a la projecci\u00f3 i direcci\u00f3 d\u2019obres, tant en concursos p\u00fablics com en obres de finan\u00e7ament privat, i puguin optar en igualtat d\u2019oportunitats a aquelles ofertes p\u00fabliques d\u2019ocupaci\u00f3 per a les que estan t\u00e8cnicament capacitats.<\/p>\n<p>En darrer lloc, vol\u00edem destacar que els Enginyers de Camins, Canals, i Ports s\u00f3n assessorats en tot el referent a la seva condici\u00f3 de col\u00b7legiats i, d\u2019altra banda, reben un tracte especial en aquells assumptes que siguin de car\u00e0cter estrictament privat.<\/p>\n<p>Si desitja realitzar una consulta, envieu-nos un correu electr\u00f2nic a l\u2019adre\u00e7a <a href=\"mailto:baleares@ciccp.es\" target=\"_blank\" rel=\"noopener noreferrer\">baleares@ciccp.es<\/a><\/p>\n\t\t\t\t\t\t\t\t<\/div>\n\t\t\t\t<\/div>\n\t\t\t\t\t<\/div>\n\t\t<\/div>\n\t\t\t\t\t<\/div>\n\t\t<\/section>\n\t\t\t\t<\/div>\n\t\t","protected":false},"excerpt":{"rendered":"<p>MEDIACI\u00d3 CERTIFICATS ASSESSOR\u00cdA JURIDICA PERITS JUDICIALS BIBLIOTECA ASSESSOR\u00cdA JURIDICA Tasques que realitza l\u2019assessoria jur\u00eddica del Col\u00b7legi d\u2019Enginyers de Camins, Canals i Ports: Una de les funcions de l\u2019Assessoria Jur\u00eddica del Col\u00b7legi d\u2019Enginyers de Camins, Canals i Ports \u00e9s la d\u2019aconsellar legalment a la Junta Rectora de la Demarcaci\u00f3 de Les Illes Balears en tots els [&hellip;]<\/p>\n","protected":false},"author":1,"featured_media":0,"parent":0,"menu_order":0,"comment_status":"closed","ping_status":"closed","template":"elementor_header_footer","meta":{"footnotes":""},"class_list":["post-3309","page","type-page","status-publish","hentry"],"_links":{"self":[{"href":"https:\/\/caminsbalears.org\/ca\/wp-json\/wp\/v2\/pages\/3309","targetHints":{"allow":["GET"]}}],"collection":[{"href":"https:\/\/caminsbalears.org\/ca\/wp-json\/wp\/v2\/pages"}],"about":[{"href":"https:\/\/caminsbalears.org\/ca\/wp-json\/wp\/v2\/types\/page"}],"author":[{"embeddable":true,"href":"https:\/\/caminsbalears.org\/ca\/wp-json\/wp\/v2\/users\/1"}],"replies":[{"embeddable":true,"href":"https:\/\/caminsbalears.org\/ca\/wp-json\/wp\/v2\/comments?post=3309"}],"version-history":[{"count":6,"href":"https:\/\/caminsbalears.org\/ca\/wp-json\/wp\/v2\/pages\/3309\/revisions"}],"predecessor-version":[{"id":3928,"href":"https:\/\/caminsbalears.org\/ca\/wp-json\/wp\/v2\/pages\/3309\/revisions\/3928"}],"wp:attachment":[{"href":"https:\/\/caminsbalears.org\/ca\/wp-json\/wp\/v2\/media?parent=3309"}],"curies":[{"name":"wp","href":"https:\/\/api.w.org\/{rel}","templated":true}]}}